{"id":462,"date":"2023-08-22T15:40:17","date_gmt":"2023-08-22T15:40:17","guid":{"rendered":"http:\/\/www.kuvaukset.com\/kuvaukset\/?page_id=462"},"modified":"2023-10-18T09:35:25","modified_gmt":"2023-10-18T09:35:25","slug":"462-2","status":"publish","type":"page","link":"https:\/\/www.kuvaukset.com\/kuvaukset\/462-2\/","title":{"rendered":"V\u00e4litt\u00e4jien rekister\u00f6inti"},"content":{"rendered":"<div class=\"wpforms-container wpforms-container-full wpforms-container-save-resume wpforms-block wpforms-block-9da14bf7-188c-4800-aa13-906d184ec9ee\" id=\"wpforms-745\"><form id=\"wpforms-form-745\" class=\"wpforms-validate wpforms-form\" data-formid=\"745\" method=\"post\" enctype=\"multipart\/form-data\" action=\"\/kuvaukset\/wp-json\/wp\/v2\/pages\/462\" data-token=\"b248e85e1ec6ad8eb8cb5e2aaf6ac52a\" data-token-time=\"1777623185\"><noscript class=\"wpforms-error-noscript\">Please enable JavaScript in your browser to complete this form.<\/noscript><div class=\"wpforms-field-container\"><div id=\"wpforms-745-field_7-container\" class=\"wpforms-field wpforms-field-text wpforms-conditional-trigger\" data-field-id=\"7\"><label class=\"wpforms-field-label\" for=\"wpforms-745-field_7\">Sy\u00f6t\u00e4 yrityksellesi antama rekister\u00f6intiavain:<\/label><input type=\"text\" id=\"wpforms-745-field_7\" class=\"wpforms-field-medium\" name=\"wpforms[fields][7]\" ><\/div><div id=\"wpforms-745-field_1-container\" class=\"wpforms-field wpforms-field-name wpforms-conditional-field wpforms-conditional-show\" data-field-id=\"1\" style=\"display:none;\"><label class=\"wpforms-field-label\" for=\"wpforms-745-field_1\">Nimi <span class=\"wpforms-required-label\">*<\/span><\/label><div class=\"wpforms-field-row wpforms-field-medium\"><div class=\"wpforms-field-row-block wpforms-first wpforms-one-half\"><input type=\"text\" id=\"wpforms-745-field_1\" class=\"wpforms-field-name-first wpforms-field-required\" name=\"wpforms[fields][1][first]\" placeholder=\"Etunimi\" required><label for=\"wpforms-745-field_1\" class=\"wpforms-field-sublabel after wpforms-sublabel-hide\">First<\/label><\/div><div class=\"wpforms-field-row-block wpforms-one-half\"><input type=\"text\" id=\"wpforms-745-field_1-last\" class=\"wpforms-field-name-last wpforms-field-required\" name=\"wpforms[fields][1][last]\" placeholder=\"Sukunimi\" required><label for=\"wpforms-745-field_1-last\" class=\"wpforms-field-sublabel after wpforms-sublabel-hide\">Last<\/label><\/div><\/div><\/div><div id=\"wpforms-745-field_13-container\" class=\"wpforms-field wpforms-field-name wpforms-conditional-field wpforms-conditional-show\" data-field-id=\"13\" style=\"display:none;\"><label class=\"wpforms-field-label\" for=\"wpforms-745-field_13\">Nimi <span class=\"wpforms-required-label\">*<\/span><\/label><div class=\"wpforms-field-row wpforms-field-medium\"><div class=\"wpforms-field-row-block wpforms-first wpforms-one-half\"><input type=\"text\" id=\"wpforms-745-field_13\" class=\"wpforms-field-name-first wpforms-field-required\" name=\"wpforms[fields][13][first]\" placeholder=\"Etunimi\" required><label for=\"wpforms-745-field_13\" class=\"wpforms-field-sublabel after wpforms-sublabel-hide\">First<\/label><\/div><div class=\"wpforms-field-row-block wpforms-one-half\"><input type=\"text\" id=\"wpforms-745-field_13-last\" class=\"wpforms-field-name-last wpforms-field-required\" name=\"wpforms[fields][13][last]\" placeholder=\"Sukunimi\" required><label for=\"wpforms-745-field_13-last\" class=\"wpforms-field-sublabel after wpforms-sublabel-hide\">Last<\/label><\/div><\/div><\/div><div id=\"wpforms-745-field_3-container\" class=\"wpforms-field wpforms-field-email wpforms-conditional-field wpforms-conditional-show\" data-field-id=\"3\" style=\"display:none;\"><label class=\"wpforms-field-label\" for=\"wpforms-745-field_3\">S\u00e4hk\u00f6posti <span class=\"wpforms-required-label\">*<\/span><\/label><input type=\"email\" id=\"wpforms-745-field_3\" class=\"wpforms-field-medium wpforms-field-required\" name=\"wpforms[fields][3]\" spellcheck=\"false\" required><\/div><div id=\"wpforms-745-field_8-container\" class=\"wpforms-field wpforms-field-phone wpforms-conditional-field wpforms-conditional-show\" data-field-id=\"8\" style=\"display:none;\"><label class=\"wpforms-field-label\" for=\"wpforms-745-field_8\">Puhelinnumero <span class=\"wpforms-required-label\">*<\/span><\/label><input type=\"tel\" id=\"wpforms-745-field_8\" class=\"wpforms-field-medium wpforms-field-required wpforms-smart-phone-field\" data-rule-smart-phone-field=\"true\" name=\"wpforms[fields][8]\" aria-label=\"Puhelinnumero\" required><\/div><div id=\"wpforms-745-field_4-container\" class=\"wpforms-field wpforms-field-password wpforms-conditional-field wpforms-conditional-show\" data-field-id=\"4\" style=\"display:none;\"><label class=\"wpforms-field-label\" for=\"wpforms-745-field_4\">Salasasana <span class=\"wpforms-required-label\">*<\/span><\/label><div class=\"wpforms-field-row wpforms-field-medium\"><div class=\"wpforms-field-row-block wpforms-one-half wpforms-first\"><input type=\"password\" id=\"wpforms-745-field_4\" class=\"wpforms-field-required wpforms-field-password-primary\" name=\"wpforms[fields][4][primary]\" placeholder=\"sy\u00f6t\u00e4 salasana\" spellcheck=\"false\" required><label for=\"wpforms-745-field_4\" class=\"wpforms-field-sublabel after wpforms-sublabel-hide\">Password<\/label><\/div><div class=\"wpforms-field-row-block wpforms-one-half\"><input type=\"password\" id=\"wpforms-745-field_4-secondary\" class=\"wpforms-field-password-secondary wpforms-field-required\" data-rule-confirm=\"#wpforms-745-field_4\" name=\"wpforms[fields][4][secondary]\" placeholder=\"sy\u00f6t\u00e4 salasana uudelleen\" spellcheck=\"false\" required><label for=\"wpforms-745-field_4-secondary\" class=\"wpforms-field-sublabel after wpforms-sublabel-hide\">Confirm Password<\/label><\/div><\/div><\/div><\/div><!-- .wpforms-field-container --><div class=\"wpforms-submit-container\" ><input type=\"hidden\" name=\"wpforms[id]\" value=\"745\"><input type=\"hidden\" name=\"page_title\" value=\"\"><input type=\"hidden\" name=\"page_url\" value=\"https:\/\/www.kuvaukset.com\/kuvaukset\/wp-json\/wp\/v2\/pages\/462\"><input type=\"hidden\" name=\"url_referer\" value=\"\"><button type=\"submit\" name=\"wpforms[submit]\" id=\"wpforms-submit-745\" class=\"wpforms-submit\" aria-live=\"assertive\" value=\"wpforms-submit\">Rekister\u00f6idy<\/button><\/div><\/form><\/div>  <!-- .wpforms-container -->","protected":false},"excerpt":{"rendered":"","protected":false},"author":1,"featured_media":0,"parent":0,"menu_order":0,"comment_status":"closed","ping_status":"closed","template":"","meta":{"footnotes":""},"class_list":["post-462","page","type-page","status-publish","hentry"],"_links":{"self":[{"href":"https:\/\/www.kuvaukset.com\/kuvaukset\/wp-json\/wp\/v2\/pages\/462","targetHints":{"allow":["GET"]}}],"collection":[{"href":"https:\/\/www.kuvaukset.com\/kuvaukset\/wp-json\/wp\/v2\/pages"}],"about":[{"href":"https:\/\/www.kuvaukset.com\/kuvaukset\/wp-json\/wp\/v2\/types\/page"}],"author":[{"embeddable":true,"href":"https:\/\/www.kuvaukset.com\/kuvaukset\/wp-json\/wp\/v2\/users\/1"}],"replies":[{"embeddable":true,"href":"https:\/\/www.kuvaukset.com\/kuvaukset\/wp-json\/wp\/v2\/comments?post=462"}],"version-history":[{"count":9,"href":"https:\/\/www.kuvaukset.com\/kuvaukset\/wp-json\/wp\/v2\/pages\/462\/revisions"}],"predecessor-version":[{"id":769,"href":"https:\/\/www.kuvaukset.com\/kuvaukset\/wp-json\/wp\/v2\/pages\/462\/revisions\/769"}],"wp:attachment":[{"href":"https:\/\/www.kuvaukset.com\/kuvaukset\/wp-json\/wp\/v2\/media?parent=462"}],"curies":[{"name":"wp","href":"https:\/\/api.w.org\/{rel}","templated":true}]}}