{"id":539,"date":"2023-07-06T04:45:12","date_gmt":"2023-07-06T04:45:12","guid":{"rendered":"http:\/\/www.kuvaukset.com\/kuvaukset\/?page_id=539"},"modified":"2023-10-19T14:26:10","modified_gmt":"2023-10-19T14:26:10","slug":"kirjaudu-sisaan","status":"publish","type":"page","link":"https:\/\/www.kuvaukset.com\/kuvaukset\/","title":{"rendered":"Kirjaudu sis\u00e4\u00e4n"},"content":{"rendered":"<div class=\"wpforms-container wpforms-container-full wpforms-container-save-resume wpforms-block wpforms-block-7fe0ad31-4046-4c0f-903c-3eb94bdd9d3a\" id=\"wpforms-536\"><form id=\"wpforms-form-536\" class=\"wpforms-validate wpforms-form\" data-formid=\"536\" method=\"post\" enctype=\"multipart\/form-data\" action=\"\/kuvaukset\/wp-json\/wp\/v2\/pages\/539\" data-token=\"8f78424162fc6dba2ebca03bc6f70221\" data-token-time=\"1777618506\"><noscript class=\"wpforms-error-noscript\">Please enable JavaScript in your browser to complete this form.<\/noscript><div class=\"wpforms-field-container\"><div id=\"wpforms-536-field_0-container\" class=\"wpforms-field wpforms-field-text\" data-field-id=\"0\"><label class=\"wpforms-field-label\" for=\"wpforms-536-field_0\">S\u00e4hk\u00f6posti <span class=\"wpforms-required-label\">*<\/span><\/label><input type=\"text\" id=\"wpforms-536-field_0\" class=\"wpforms-field-medium wpforms-field-required\" name=\"wpforms[fields][0]\" required><\/div><div id=\"wpforms-536-field_1-container\" class=\"wpforms-field wpforms-field-password\" data-field-id=\"1\"><label class=\"wpforms-field-label\" for=\"wpforms-536-field_1\">Salasana <span class=\"wpforms-required-label\">*<\/span><\/label><input type=\"password\" id=\"wpforms-536-field_1\" class=\"wpforms-field-medium wpforms-field-required\" name=\"wpforms[fields][1]\" spellcheck=\"false\" required><\/div><div id=\"wpforms-536-field_2-container\" class=\"wpforms-field wpforms-field-checkbox\" data-field-id=\"2\"><label class=\"wpforms-field-label wpforms-label-hide\">Muista minut<\/label><ul id=\"wpforms-536-field_2\"><li class=\"choice-0 depth-1\"><input type=\"checkbox\" id=\"wpforms-536-field_2_0\" name=\"wpforms[fields][2][]\" value=\"Muista minut\"  ><label class=\"wpforms-field-label-inline\" for=\"wpforms-536-field_2_0\">Muista minut<\/label><\/li><\/ul><\/div><\/div><!-- .wpforms-field-container --><div class=\"wpforms-submit-container\" ><input type=\"hidden\" name=\"wpforms[id]\" value=\"536\"><input type=\"hidden\" name=\"page_title\" value=\"\"><input type=\"hidden\" name=\"page_url\" value=\"https:\/\/www.kuvaukset.com\/kuvaukset\/wp-json\/wp\/v2\/pages\/539\"><input type=\"hidden\" name=\"url_referer\" value=\"\"><button type=\"submit\" name=\"wpforms[submit]\" id=\"wpforms-submit-536\" class=\"wpforms-submit\" data-alt-text=\"Kirjautuu...\" data-submit-text=\"Kirjaudu\" aria-live=\"assertive\" value=\"wpforms-submit\">Kirjaudu<\/button><\/div><\/form><\/div>  <!-- .wpforms-container -->\n\n\n<p>Uusi k\u00e4ytt\u00e4j\u00e4? T\u00e4st\u00e4 p\u00e4\u00e4set rekister\u00f6itym\u00e4\u00e4n: <a href=\"http:\/\/www.kuvaukset.com\/kuvaukset\/462-2\/\">Rekister\u00f6idy!<\/a><\/p>\n\n\n\n<p>Unohtuiko salasana? <a href=\"http:\/\/www.kuvaukset.com\/kuvaukset\/salasanan-vaihto\/\">Vaihda salana<\/a><\/p>\n","protected":false},"excerpt":{"rendered":"<p>Uusi k\u00e4ytt\u00e4j\u00e4? T\u00e4st\u00e4 p\u00e4\u00e4set rekister\u00f6itym\u00e4\u00e4n: Rekister\u00f6idy! Unohtuiko salasana? Vaihda salana<\/p>\n","protected":false},"author":1,"featured_media":0,"parent":0,"menu_order":0,"comment_status":"closed","ping_status":"closed","template":"","meta":{"footnotes":""},"class_list":["post-539","page","type-page","status-publish","hentry"],"_links":{"self":[{"href":"https:\/\/www.kuvaukset.com\/kuvaukset\/wp-json\/wp\/v2\/pages\/539","targetHints":{"allow":["GET"]}}],"collection":[{"href":"https:\/\/www.kuvaukset.com\/kuvaukset\/wp-json\/wp\/v2\/pages"}],"about":[{"href":"https:\/\/www.kuvaukset.com\/kuvaukset\/wp-json\/wp\/v2\/types\/page"}],"author":[{"embeddable":true,"href":"https:\/\/www.kuvaukset.com\/kuvaukset\/wp-json\/wp\/v2\/users\/1"}],"replies":[{"embeddable":true,"href":"https:\/\/www.kuvaukset.com\/kuvaukset\/wp-json\/wp\/v2\/comments?post=539"}],"version-history":[{"count":5,"href":"https:\/\/www.kuvaukset.com\/kuvaukset\/wp-json\/wp\/v2\/pages\/539\/revisions"}],"predecessor-version":[{"id":814,"href":"https:\/\/www.kuvaukset.com\/kuvaukset\/wp-json\/wp\/v2\/pages\/539\/revisions\/814"}],"wp:attachment":[{"href":"https:\/\/www.kuvaukset.com\/kuvaukset\/wp-json\/wp\/v2\/media?parent=539"}],"curies":[{"name":"wp","href":"https:\/\/api.w.org\/{rel}","templated":true}]}}